{"id":54,"date":"2024-05-14T21:16:30","date_gmt":"2024-05-14T21:16:30","guid":{"rendered":"https:\/\/maquilasplasticascorvel.com\/2024\/?page_id=54"},"modified":"2024-05-14T21:46:19","modified_gmt":"2024-05-14T21:46:19","slug":"quienes-somos","status":"publish","type":"page","link":"https:\/\/maquilasplasticascorvel.com\/2024\/quienes-somos\/","title":{"rendered":"\u00bfQui\u00e9nes somos?"},"content":{"rendered":"\n<h3 style=\"color:#ED1C24\" class=\"wp-block-heading has-text-align-center\">\nEn Maquilas Pl\u00e1sticas Corvel<br>\nnuestro compromiso es ofrecer un servicio de calidad a nuestros clientes<\/h3>\n\n\n\n<div style=\"height:50px\" aria-hidden=\"true\" class=\"wp-block-spacer\"><\/div>\n\n\n\n<div class=\"wp-block-group\"><div class=\"wp-block-group__inner-container is-layout-constrained wp-block-group-is-layout-constrained\">\n<div class=\"wp-block-columns is-layout-flex wp-container-core-columns-is-layout-9d6595d7 wp-block-columns-is-layout-flex\">\n<div class=\"wp-block-column is-layout-flow wp-block-column-is-layout-flow\">\n<p>Somos un grupo de profesionales apasionados y comprometidos con el logro de los objetivos de nuestros clientes a trav\u00e9s de sus proyectos.<\/p>\n\n\n\n<br>\n<p>Somos especialistas en inyecci\u00f3n de piezas pl\u00e1sticas, comprometidos en brindar soluciones y servicios integrales, enfoc\u00e1ndonos en resultados para atender las necesidades y requisitos de nuestros clientes que se traducen en el desarrollo y crecimiento.<\/p>\n<\/div>\n\n\n\n<div class=\"wp-block-column is-layout-flow wp-block-column-is-layout-flow\">\n<figure class=\"wp-block-image size-large\"><img loading=\"lazy\" decoding=\"async\" width=\"1024\" height=\"544\" src=\"https:\/\/maquilasplasticascorvel.com\/2024\/wp-content\/uploads\/2024\/05\/slider1-min-1024x544.png\" alt=\"\" class=\"wp-image-30\" srcset=\"https:\/\/maquilasplasticascorvel.com\/2024\/wp-content\/uploads\/2024\/05\/slider1-min-1024x544.png 1024w, https:\/\/maquilasplasticascorvel.com\/2024\/wp-content\/uploads\/2024\/05\/slider1-min-300x159.png 300w, https:\/\/maquilasplasticascorvel.com\/2024\/wp-content\/uploads\/2024\/05\/slider1-min-768x408.png 768w, https:\/\/maquilasplasticascorvel.com\/2024\/wp-content\/uploads\/2024\/05\/slider1-min-1536x816.png 1536w, https:\/\/maquilasplasticascorvel.com\/2024\/wp-content\/uploads\/2024\/05\/slider1-min.png 1920w\" sizes=\"auto, (max-width: 1024px) 100vw, 1024px\" \/><\/figure>\n<\/div>\n<\/div>\n<\/div><\/div>\n\n\n\n<div style=\"height:5px\" aria-hidden=\"true\" class=\"wp-block-spacer\"><\/div>\n\n\n\n<hr class=\"wp-block-separator has-alpha-channel-opacity is-style-wide\"\/>\n\n\n\n<div style=\"height:50px\" aria-hidden=\"true\" class=\"wp-block-spacer\"><\/div>\n\n\n\n<h3 style=\"color:#ED1C24\" class=\"wp-block-heading has-text-align-center\">\nNuestros valores\n<\/h3>\n\n\n\n<div style=\"height:50px\" aria-hidden=\"true\" class=\"wp-block-spacer\"><\/div>\n\n\n\n<div class=\"wp-block-columns is-layout-flex wp-container-core-columns-is-layout-9d6595d7 wp-block-columns-is-layout-flex\">\n<div class=\"wp-block-column is-layout-flow wp-block-column-is-layout-flow\">\n<center><svg width=50px xmlns=\"http:\/\/www.w3.org\/2000\/svg\" viewBox=\"0 0 512 512\"><!--!Font Awesome Free 6.5.2 by @fontawesome - https:\/\/fontawesome.com License - https:\/\/fontawesome.com\/license\/free Copyright 2024 Fonticons, Inc.--><path d=\"M448 256A192 192 0 1 0 64 256a192 192 0 1 0 384 0zM0 256a256 256 0 1 1 512 0A256 256 0 1 1 0 256zm256 80a80 80 0 1 0 0-160 80 80 0 1 0 0 160zm0-224a144 144 0 1 1 0 288 144 144 0 1 1 0-288zM224 256a32 32 0 1 1 64 0 32 32 0 1 1 -64 0z\"\/><\/svg><\/center>\n\n\n\n<div style=\"height:20px\" aria-hidden=\"true\" class=\"wp-block-spacer\"><\/div>\n\n\n\n<h4 class=\"wp-block-heading has-text-align-center\">Misi\u00f3n<\/h4>\n\n\n\n<div style=\"height:20px\" aria-hidden=\"true\" class=\"wp-block-spacer\"><\/div>\n\n\n\n<p class=\"has-text-align-center\">Lograr la satisfacci\u00f3n de nuestros clientes ofreci\u00e9ndoles plasmar sus ideas y proyectos en productos de pl\u00e1stico de alta calidad que cumplan con los est\u00e1ndares de calidad que requieren para lograr el posicionamiento de su marca.<\/p>\n<\/div>\n\n\n\n<div class=\"wp-block-column is-layout-flow wp-block-column-is-layout-flow\">\n<center><svg width=50px xmlns=\"http:\/\/www.w3.org\/2000\/svg\" viewBox=\"0 0 576 512\"><!--!Font Awesome Free 6.5.2 by @fontawesome - https:\/\/fontawesome.com License - https:\/\/fontawesome.com\/license\/free Copyright 2024 Fonticons, Inc.--><path d=\"M288 32c-80.8 0-145.5 36.8-192.6 80.6C48.6 156 17.3 208 2.5 243.7c-3.3 7.9-3.3 16.7 0 24.6C17.3 304 48.6 356 95.4 399.4C142.5 443.2 207.2 480 288 480s145.5-36.8 192.6-80.6c46.8-43.5 78.1-95.4 93-131.1c3.3-7.9 3.3-16.7 0-24.6c-14.9-35.7-46.2-87.7-93-131.1C433.5 68.8 368.8 32 288 32zM144 256a144 144 0 1 1 288 0 144 144 0 1 1 -288 0zm144-64c0 35.3-28.7 64-64 64c-7.1 0-13.9-1.2-20.3-3.3c-5.5-1.8-11.9 1.6-11.7 7.4c.3 6.9 1.3 13.8 3.2 20.7c13.7 51.2 66.4 81.6 117.6 67.9s81.6-66.4 67.9-117.6c-11.1-41.5-47.8-69.4-88.6-71.1c-5.8-.2-9.2 6.1-7.4 11.7c2.1 6.4 3.3 13.2 3.3 20.3z\"\/><\/svg><\/center>\n\n\n\n<div style=\"height:20px\" aria-hidden=\"true\" class=\"wp-block-spacer\"><\/div>\n\n\n\n<h4 class=\"wp-block-heading has-text-align-center\">Visi\u00f3n<\/h4>\n\n\n\n<div style=\"height:20px\" aria-hidden=\"true\" class=\"wp-block-spacer\"><\/div>\n\n\n\n<p class=\"has-text-align-center\">Ser una empresa l\u00edder en aplicaci\u00f3n de tecnolog\u00eda en los servicios de maquila de pl\u00e1sticos, de constante valor agregado en la innovaci\u00f3n y valor para nuestros clientes.<\/p>\n<\/div>\n\n\n\n<div class=\"wp-block-column is-layout-flow wp-block-column-is-layout-flow\">\n<center><svg width=50px xmlns=\"http:\/\/www.w3.org\/2000\/svg\" viewBox=\"0 0 448 512\"><!--!Font Awesome Free 6.5.2 by @fontawesome - https:\/\/fontawesome.com License - https:\/\/fontawesome.com\/license\/free Copyright 2024 Fonticons, Inc.--><path d=\"M96 128a128 128 0 1 0 256 0A128 128 0 1 0 96 128zm94.5 200.2l18.6 31L175.8 483.1l-36-146.9c-2-8.1-9.8-13.4-17.9-11.3C51.9 342.4 0 405.8 0 481.3c0 17 13.8 30.7 30.7 30.7H162.5c0 0 0 0 .1 0H168 280h5.5c0 0 0 0 .1 0H417.3c17 0 30.7-13.8 30.7-30.7c0-75.5-51.9-138.9-121.9-156.4c-8.1-2-15.9 3.3-17.9 11.3l-36 146.9L238.9 359.2l18.6-31c6.4-10.7-1.3-24.2-13.7-24.2H224 204.3c-12.4 0-20.1 13.6-13.7 24.2z\"\/><\/svg><\/center>\n\n\n\n<div style=\"height:20px\" aria-hidden=\"true\" class=\"wp-block-spacer\"><\/div>\n\n\n\n<h4 class=\"wp-block-heading has-text-align-center\">Valores<\/h4>\n\n\n\n<div style=\"height:20px\" aria-hidden=\"true\" class=\"wp-block-spacer\"><\/div>\n\n\n\n<p class=\"has-text-align-center\">En Maquilas Pl\u00e1sticas Corvel actuamos con honestidad y honor, la Integridad de nuestra empresa es el eje fundamental de nuestras acciones, buscamos Innovar en cada proyecto que realizamos, generando ideas creativas que brinden resultados exitosos para nuestros clientes. Somos leales a las ideas y proyectos de nuestros clientes. La confianza es el principal motor de nuestra empresa. Somos proactivos y eficaces buscando siempre la satisfacci\u00f3n y \u00e9xito de nuestros clientes y socios comerciales.<\/p>\n<\/div>\n<\/div>\n","protected":false},"excerpt":{"rendered":"<p>En Maquilas Pl\u00e1sticas Corvel nuestro compromiso es ofrecer un servicio de calidad a nuestros clientes Somos un grupo de profesionales apasionados y comprometidos con el logro de los objetivos de nuestros clientes a trav\u00e9s de sus proyectos. Somos especialistas en inyecci\u00f3n de piezas pl\u00e1sticas, comprometidos en brindar soluciones y servicios integrales, enfoc\u00e1ndonos en resultados para [&hellip;]<\/p>\n","protected":false},"author":1,"featured_media":0,"parent":0,"menu_order":0,"comment_status":"closed","ping_status":"closed","template":"","meta":{"footnotes":""},"class_list":["post-54","page","type-page","status-publish","hentry"],"_links":{"self":[{"href":"https:\/\/maquilasplasticascorvel.com\/2024\/wp-json\/wp\/v2\/pages\/54","targetHints":{"allow":["GET"]}}],"collection":[{"href":"https:\/\/maquilasplasticascorvel.com\/2024\/wp-json\/wp\/v2\/pages"}],"about":[{"href":"https:\/\/maquilasplasticascorvel.com\/2024\/wp-json\/wp\/v2\/types\/page"}],"author":[{"embeddable":true,"href":"https:\/\/maquilasplasticascorvel.com\/2024\/wp-json\/wp\/v2\/users\/1"}],"replies":[{"embeddable":true,"href":"https:\/\/maquilasplasticascorvel.com\/2024\/wp-json\/wp\/v2\/comments?post=54"}],"version-history":[{"count":14,"href":"https:\/\/maquilasplasticascorvel.com\/2024\/wp-json\/wp\/v2\/pages\/54\/revisions"}],"predecessor-version":[{"id":71,"href":"https:\/\/maquilasplasticascorvel.com\/2024\/wp-json\/wp\/v2\/pages\/54\/revisions\/71"}],"wp:attachment":[{"href":"https:\/\/maquilasplasticascorvel.com\/2024\/wp-json\/wp\/v2\/media?parent=54"}],"curies":[{"name":"wp","href":"https:\/\/api.w.org\/{rel}","templated":true}]}}