{"id":46,"date":"2024-05-14T21:08:11","date_gmt":"2024-05-14T21:08:11","guid":{"rendered":"https:\/\/maquilasplasticascorvel.com\/2024\/?page_id=46"},"modified":"2024-05-14T21:11:22","modified_gmt":"2024-05-14T21:11:22","slug":"servicios","status":"publish","type":"page","link":"https:\/\/maquilasplasticascorvel.com\/2024\/servicios\/","title":{"rendered":"Servicios"},"content":{"rendered":"\n<h3 style=\"color:#ED1C24\" class=\"wp-block-heading has-text-align-center\">\nOfrecemos:<\/h3>\n\n\n\n<div style=\"height:50px\" aria-hidden=\"true\" class=\"wp-block-spacer\"><\/div>\n\n\n\n<div class=\"wp-block-columns is-layout-flex wp-container-core-columns-is-layout-9d6595d7 wp-block-columns-is-layout-flex\">\n<div class=\"wp-block-column is-layout-flow wp-block-column-is-layout-flow\">\n<figure class=\"wp-block-image size-full\"><img loading=\"lazy\" decoding=\"async\" width=\"600\" height=\"400\" src=\"https:\/\/maquilasplasticascorvel.com\/2024\/wp-content\/uploads\/2024\/05\/Serv-Inyeccion.png\" alt=\"\" class=\"wp-image-47\" srcset=\"https:\/\/maquilasplasticascorvel.com\/2024\/wp-content\/uploads\/2024\/05\/Serv-Inyeccion.png 600w, https:\/\/maquilasplasticascorvel.com\/2024\/wp-content\/uploads\/2024\/05\/Serv-Inyeccion-300x200.png 300w\" sizes=\"auto, (max-width: 600px) 100vw, 600px\" \/><\/figure>\n\n\n\n<h4 class=\"wp-block-heading has-text-align-center\">Maquila de Inyecci\u00f3n<\/h4>\n\n\n\n<div style=\"height:10px\" aria-hidden=\"true\" class=\"wp-block-spacer\"><\/div>\n\n\n\n<p class=\"has-text-align-center\">Ofrecemos el servicio de maquilar moldes de inyecci\u00f3n por hora o por pieza.<\/p>\n<\/div>\n\n\n\n<div class=\"wp-block-column is-layout-flow wp-block-column-is-layout-flow\">\n<figure class=\"wp-block-image size-full\"><img loading=\"lazy\" decoding=\"async\" width=\"600\" height=\"400\" src=\"https:\/\/maquilasplasticascorvel.com\/2024\/wp-content\/uploads\/2024\/05\/Serv-Moldes.png\" alt=\"\" class=\"wp-image-48\" srcset=\"https:\/\/maquilasplasticascorvel.com\/2024\/wp-content\/uploads\/2024\/05\/Serv-Moldes.png 600w, https:\/\/maquilasplasticascorvel.com\/2024\/wp-content\/uploads\/2024\/05\/Serv-Moldes-300x200.png 300w\" sizes=\"auto, (max-width: 600px) 100vw, 600px\" \/><\/figure>\n\n\n\n<h4 class=\"wp-block-heading has-text-align-center\">Moldes de Inyecci\u00f3n<\/h4>\n\n\n\n<div style=\"height:10px\" aria-hidden=\"true\" class=\"wp-block-spacer\"><\/div>\n\n\n\n<p class=\"has-text-align-center\">Dise\u00f1o y fabricaci\u00f3n de moldes de inyecci\u00f3n.<\/p>\n<\/div>\n\n\n\n<div class=\"wp-block-column is-layout-flow wp-block-column-is-layout-flow\">\n<figure class=\"wp-block-image size-full\"><img loading=\"lazy\" decoding=\"async\" width=\"600\" height=\"400\" src=\"https:\/\/maquilasplasticascorvel.com\/2024\/wp-content\/uploads\/2024\/05\/Serv-Venta.png\" alt=\"\" class=\"wp-image-49\" srcset=\"https:\/\/maquilasplasticascorvel.com\/2024\/wp-content\/uploads\/2024\/05\/Serv-Venta.png 600w, https:\/\/maquilasplasticascorvel.com\/2024\/wp-content\/uploads\/2024\/05\/Serv-Venta-300x200.png 300w\" sizes=\"auto, (max-width: 600px) 100vw, 600px\" \/><\/figure>\n\n\n\n<h4 class=\"wp-block-heading has-text-align-center\">Venta<\/h4>\n\n\n\n<div style=\"height:10px\" aria-hidden=\"true\" class=\"wp-block-spacer\"><\/div>\n\n\n\n<p class=\"has-text-align-center\">Venta de Maquinaria y Equipo Perif\u00e9rico<\/p>\n<\/div>\n<\/div>\n","protected":false},"excerpt":{"rendered":"<p>Ofrecemos: Maquila de Inyecci\u00f3n Ofrecemos el servicio de maquilar moldes de inyecci\u00f3n por hora o por pieza. Moldes de Inyecci\u00f3n Dise\u00f1o y fabricaci\u00f3n de moldes de inyecci\u00f3n. Venta Venta de Maquinaria y Equipo Perif\u00e9rico<\/p>\n","protected":false},"author":1,"featured_media":0,"parent":0,"menu_order":0,"comment_status":"closed","ping_status":"closed","template":"","meta":{"footnotes":""},"class_list":["post-46","page","type-page","status-publish","hentry"],"_links":{"self":[{"href":"https:\/\/maquilasplasticascorvel.com\/2024\/wp-json\/wp\/v2\/pages\/46","targetHints":{"allow":["GET"]}}],"collection":[{"href":"https:\/\/maquilasplasticascorvel.com\/2024\/wp-json\/wp\/v2\/pages"}],"about":[{"href":"https:\/\/maquilasplasticascorvel.com\/2024\/wp-json\/wp\/v2\/types\/page"}],"author":[{"embeddable":true,"href":"https:\/\/maquilasplasticascorvel.com\/2024\/wp-json\/wp\/v2\/users\/1"}],"replies":[{"embeddable":true,"href":"https:\/\/maquilasplasticascorvel.com\/2024\/wp-json\/wp\/v2\/comments?post=46"}],"version-history":[{"count":3,"href":"https:\/\/maquilasplasticascorvel.com\/2024\/wp-json\/wp\/v2\/pages\/46\/revisions"}],"predecessor-version":[{"id":53,"href":"https:\/\/maquilasplasticascorvel.com\/2024\/wp-json\/wp\/v2\/pages\/46\/revisions\/53"}],"wp:attachment":[{"href":"https:\/\/maquilasplasticascorvel.com\/2024\/wp-json\/wp\/v2\/media?parent=46"}],"curies":[{"name":"wp","href":"https:\/\/api.w.org\/{rel}","templated":true}]}}